{"id":18,"date":"2019-10-09T13:35:38","date_gmt":"2019-10-09T13:35:38","guid":{"rendered":"https:\/\/www.vennerslund.dk\/?page_id=18"},"modified":"2025-06-02T09:11:31","modified_gmt":"2025-06-02T09:11:31","slug":"energi-og-naturpark","status":"publish","type":"page","link":"https:\/\/www.vennerslund.dk\/index.php\/energi-og-naturpark\/","title":{"rendered":"Vennerslund Solcellepark"},"content":{"rendered":"\n<p>Vennerslund Solcellepark omfatter et forslag til etablering af et solcelleanl\u00e6g p\u00e5 begge sider af Sydmotorvejen p\u00e5 i alt 95,5 hektar. Effekten vil udg\u00f8re op til 90MW, og produktionen vurderes at blive ca. 97.200.000 MWh pr. \u00e5r. Det svarer til det \u00e5rlige elforbrug i ca. 19.500 husstande med et gennemsnitligt \u00e5rsforbrug p\u00e5 ca. 5.000 kWh. Anl\u00e6gget vil dermed kunne forsyne omtrent en tredjedel af borgerne i Guldborgsund Kommune med str\u00f8m.<\/p>\n\n\n\n<p>Solcelleparken er overvejende placeret p\u00e5 lavbundsarealer. Guldborgsund Kommune har en m\u00e5ls\u00e6tning om, at der inden 2030 skal udtages 800 hektar lavbundsareal, og sammen med naturgenopretningsarealet vil projektet p\u00e5 Vennerslund svare til ca. 10% af det areal, som kommunen \u00f8nsker at udtage.<\/p>\n\n\n\n<p>Solcelleparken vil sammen med Skiden Vig komme til at indg\u00e5 i et naturprojekt med oplevelser og fort\u00e6llinger om vedvarende energi samt fremme af interesser for natur, turisme og kulturhistorie. Dette projekt er et sidel\u00f8bende naturprojekt, som ligger uden for lokalplanen udarbejdet af Guldborgsund Kommune.<\/p>\n\n\n\n<p>Vennerslund Solcellepark er i h\u00f8ring frem til den 30. juli 2025.<\/p>\n\n\n\n<p><a href=\"https:\/\/firstagenda-4.s3.eu-west-1.amazonaws.com\/a57d1277-7327-4186-85ef-8dbf6c54edc1?X-Amz-Expires=300&amp;response-content-disposition=inline%3B%20filename%20%3D%22document.pdf%22%3B%20filename%2A%3DUTF-8%27%27document.pdf&amp;response-content-type=application%2Fpdf&amp;X-Amz-Algorithm=AWS4-HMAC-SHA256&amp;X-Amz-Credential=AKIAIJGTA5G4BPAFBBVQ%2F20250602%2Feu-west-1%2Fs3%2Faws4_request&amp;X-Amz-Date=20250602T090201Z&amp;X-Amz-SignedHeaders=host&amp;X-Amz-Signature=ea3f49146e900e4db9e3b737d9bd354eaa029ffc3db2908233c169ab2191a507\" data-type=\"link\" data-id=\"https:\/\/firstagenda-4.s3.eu-west-1.amazonaws.com\/a57d1277-7327-4186-85ef-8dbf6c54edc1?X-Amz-Expires=300&amp;response-content-disposition=inline%3B%20filename%20%3D%22document.pdf%22%3B%20filename%2A%3DUTF-8%27%27document.pdf&amp;response-content-type=application%2Fpdf&amp;X-Amz-Algorithm=AWS4-HMAC-SHA256&amp;X-Amz-Credential=AKIAIJGTA5G4BPAFBBVQ%2F20250602%2Feu-west-1%2Fs3%2Faws4_request&amp;X-Amz-Date=20250602T090201Z&amp;X-Amz-SignedHeaders=host&amp;X-Amz-Signature=ea3f49146e900e4db9e3b737d9bd354eaa029ffc3db2908233c169ab2191a507\">Link til Lokalplan 235 &#8211; Vennerslund Solcellepark.<\/a><\/p>\n\n\n\n<p><a href=\"https:\/\/www.guldborgsund.dk\/hoeringer\/2025\/offentlig-hoering-af-forslag-til-lokalplan-235-og-kommuneplantillaeg-nr-10-vennerslund-solcellepark\" data-type=\"link\" data-id=\"https:\/\/www.guldborgsund.dk\/hoeringer\/2025\/offentlig-hoering-af-forslag-til-lokalplan-235-og-kommuneplantillaeg-nr-10-vennerslund-solcellepark\">Link til den offentlige h\u00f8ring<\/a>.<\/p>\n\n\n\n<p><a href=\"https:\/\/www.guldborgsund.dk\/media\/cnuj2pjh\/miljoevurderingsrapport-vennerslund-solcellepark.pdf\" data-type=\"link\" data-id=\"https:\/\/www.guldborgsund.dk\/media\/cnuj2pjh\/miljoevurderingsrapport-vennerslund-solcellepark.pdf\">Link til milj\u00f8vurdering af NIRAS.<\/a><\/p>\n\n\n\n<p><a href=\"https:\/\/www.guldborgsund.dk\/media\/eoah0taw\/afgraensningsnotat-vennerslund-solcellepark.pdf\" data-type=\"link\" data-id=\"https:\/\/www.guldborgsund.dk\/media\/eoah0taw\/afgraensningsnotat-vennerslund-solcellepark.pdf\">Link til afgr\u00e6nsning af milj\u00f8vurdering af NIRAS.<\/a><\/p>\n\n\n\n<p><a href=\"https:\/\/www.guldborgsund.dk\/media\/tepfmg3b\/baggrundsrapport-vennerslund-solcellepark.pdf\" data-type=\"link\" data-id=\"https:\/\/www.guldborgsund.dk\/media\/tepfmg3b\/baggrundsrapport-vennerslund-solcellepark.pdf\">Link til baggrundsrapport om anl\u00e6gsarbejde.<\/a><\/p>\n\n\n\n<p><a href=\"https:\/\/firstagenda-4.s3.eu-west-1.amazonaws.com\/6d5172c6-b172-43fd-a025-84762f32b84d?X-Amz-Expires=300&amp;response-content-disposition=inline%3B%20filename%20%3D%22document.pdf%22%3B%20filename%2A%3DUTF-8%27%27document.pdf&amp;response-content-type=application%2Fpdf&amp;X-Amz-Algorithm=AWS4-HMAC-SHA256&amp;X-Amz-Credential=AKIAIJGTA5G4BPAFBBVQ%2F20250602%2Feu-west-1%2Fs3%2Faws4_request&amp;X-Amz-Date=20250602T091107Z&amp;X-Amz-SignedHeaders=host&amp;X-Amz-Signature=47e64cfd47cabf2512a90bc5daac28c1c62e91e867e26d9d0a9948f2648246bc\" data-type=\"link\" data-id=\"https:\/\/firstagenda-4.s3.eu-west-1.amazonaws.com\/6d5172c6-b172-43fd-a025-84762f32b84d?X-Amz-Expires=300&amp;response-content-disposition=inline%3B%20filename%20%3D%22document.pdf%22%3B%20filename%2A%3DUTF-8%27%27document.pdf&amp;response-content-type=application%2Fpdf&amp;X-Amz-Algorithm=AWS4-HMAC-SHA256&amp;X-Amz-Credential=AKIAIJGTA5G4BPAFBBVQ%2F20250602%2Feu-west-1%2Fs3%2Faws4_request&amp;X-Amz-Date=20250602T091107Z&amp;X-Amz-SignedHeaders=host&amp;X-Amz-Signature=47e64cfd47cabf2512a90bc5daac28c1c62e91e867e26d9d0a9948f2648246bc\">Link til feltrapport.<\/a><\/p>\n\n\n\n<p><\/p>\n","protected":false},"excerpt":{"rendered":"<p>Vennerslund Solcellepark omfatter et forslag til etablering af et solcelleanl\u00e6g p\u00e5 begge sider af Sydmotorvejen p\u00e5 i alt 95,5 hektar. Effekten vil udg\u00f8re op til 90MW, og produktionen vurderes at blive ca. 97.200.000 MWh pr. \u00e5r. Det svarer til det \u00e5rlige elforbrug i ca. 19.500 husstande med et gennemsnitligt \u00e5rsforbrug p\u00e5 ca. 5.000 kWh. Anl\u00e6gget &#8230; <a title=\"Vennerslund Solcellepark\" class=\"read-more\" href=\"https:\/\/www.vennerslund.dk\/index.php\/energi-og-naturpark\/\" aria-label=\"Read more about Vennerslund Solcellepark\">L\u00e6s mere <\/a><\/p>\n","protected":false},"author":1,"featured_media":0,"parent":0,"menu_order":2,"comment_status":"closed","ping_status":"closed","template":"","meta":{"footnotes":""},"class_list":["post-18","page","type-page","status-publish"],"_links":{"self":[{"href":"https:\/\/www.vennerslund.dk\/index.php\/wp-json\/wp\/v2\/pages\/18","targetHints":{"allow":["GET"]}}],"collection":[{"href":"https:\/\/www.vennerslund.dk\/index.php\/wp-json\/wp\/v2\/pages"}],"about":[{"href":"https:\/\/www.vennerslund.dk\/index.php\/wp-json\/wp\/v2\/types\/page"}],"author":[{"embeddable":true,"href":"https:\/\/www.vennerslund.dk\/index.php\/wp-json\/wp\/v2\/users\/1"}],"replies":[{"embeddable":true,"href":"https:\/\/www.vennerslund.dk\/index.php\/wp-json\/wp\/v2\/comments?post=18"}],"version-history":[{"count":13,"href":"https:\/\/www.vennerslund.dk\/index.php\/wp-json\/wp\/v2\/pages\/18\/revisions"}],"predecessor-version":[{"id":153,"href":"https:\/\/www.vennerslund.dk\/index.php\/wp-json\/wp\/v2\/pages\/18\/revisions\/153"}],"wp:attachment":[{"href":"https:\/\/www.vennerslund.dk\/index.php\/wp-json\/wp\/v2\/media?parent=18"}],"curies":[{"name":"wp","href":"https:\/\/api.w.org\/{rel}","templated":true}]}}