{"id":2,"date":"2019-10-01T09:28:21","date_gmt":"2019-10-01T09:28:21","guid":{"rendered":"https:\/\/www.vennerslund.dk\/?page_id=2"},"modified":"2025-06-02T09:08:59","modified_gmt":"2025-06-02T09:08:59","slug":"sample-page","status":"publish","type":"page","link":"https:\/\/www.vennerslund.dk\/","title":{"rendered":"Velkommen til Vennerslund Gods"},"content":{"rendered":"<div class=\"wp-block-image\">\n<figure class=\"aligncenter size-large\"><img loading=\"lazy\" decoding=\"async\" width=\"1024\" height=\"576\" src=\"https:\/\/www.vennerslund.dk\/wp-content\/uploads\/2019\/12\/Kopi-af-Kopi-af-Kopi-af-Kopi-af-Kopi-af-Kopi-af-Design-uden-navn-1024x576.jpg\" alt=\"\" class=\"wp-image-107\" srcset=\"https:\/\/www.vennerslund.dk\/wp-content\/uploads\/2019\/12\/Kopi-af-Kopi-af-Kopi-af-Kopi-af-Kopi-af-Kopi-af-Design-uden-navn-1024x576.jpg 1024w, https:\/\/www.vennerslund.dk\/wp-content\/uploads\/2019\/12\/Kopi-af-Kopi-af-Kopi-af-Kopi-af-Kopi-af-Kopi-af-Design-uden-navn-300x169.jpg 300w, https:\/\/www.vennerslund.dk\/wp-content\/uploads\/2019\/12\/Kopi-af-Kopi-af-Kopi-af-Kopi-af-Kopi-af-Kopi-af-Design-uden-navn-768x432.jpg 768w, https:\/\/www.vennerslund.dk\/wp-content\/uploads\/2019\/12\/Kopi-af-Kopi-af-Kopi-af-Kopi-af-Kopi-af-Kopi-af-Design-uden-navn-1536x864.jpg 1536w, https:\/\/www.vennerslund.dk\/wp-content\/uploads\/2019\/12\/Kopi-af-Kopi-af-Kopi-af-Kopi-af-Kopi-af-Kopi-af-Design-uden-navn.jpg 1920w\" sizes=\"auto, (max-width: 1024px) 100vw, 1024px\" \/><\/figure>\n<\/div>\n\n\n<p>P\u00e5 Nordfalster, ud til det smukke Guldborgsund, ligger Vennerslund Gods. Vennerslund kan dateres tilbage til \u00e5r 1200, og g\u00e5rdanl\u00e6gget er i hovedtr\u00e6k opf\u00f8rt i 1770. I mere end 200 \u00e5r har Vennerslund v\u00e6ret hjemsted for Familien Grandjean og nu Brockenhuus-Schack.<\/p>\n\n\n\n<p>Vennerslunds landbrug og skove drives med det m\u00e5l for \u00f8je, at Jorden skal gives videre til og komme fremtidige generationer til gode. Derfor arbejder vi p\u00e5 at g\u00f8re produktionen mere klimavenlig, bl.a. med etablering af en <a href=\"https:\/\/www.vennerslund.dk\/index.php\/energi-og-naturpark\/\" data-type=\"page\" data-id=\"18\">solcellepark<\/a>, som overvejende er placeret p\u00e5 lavbundsarealer.<\/p>\n\n\n\n<p><\/p>\n","protected":false},"excerpt":{"rendered":"<p>P\u00e5 Nordfalster, ud til det smukke Guldborgsund, ligger Vennerslund Gods. Vennerslund kan dateres tilbage til \u00e5r 1200, og g\u00e5rdanl\u00e6gget er i hovedtr\u00e6k opf\u00f8rt i 1770. I mere end 200 \u00e5r har Vennerslund v\u00e6ret hjemsted for Familien Grandjean og nu Brockenhuus-Schack. Vennerslunds landbrug og skove drives med det m\u00e5l for \u00f8je, at Jorden skal gives videre &#8230; <a title=\"Velkommen til Vennerslund Gods\" class=\"read-more\" href=\"https:\/\/www.vennerslund.dk\/\" aria-label=\"Read more about Velkommen til Vennerslund Gods\">L\u00e6s mere <\/a><\/p>\n","protected":false},"author":1,"featured_media":0,"parent":0,"menu_order":1,"comment_status":"closed","ping_status":"open","template":"","meta":{"footnotes":""},"class_list":["post-2","page","type-page","status-publish"],"_links":{"self":[{"href":"https:\/\/www.vennerslund.dk\/index.php\/wp-json\/wp\/v2\/pages\/2","targetHints":{"allow":["GET"]}}],"collection":[{"href":"https:\/\/www.vennerslund.dk\/index.php\/wp-json\/wp\/v2\/pages"}],"about":[{"href":"https:\/\/www.vennerslund.dk\/index.php\/wp-json\/wp\/v2\/types\/page"}],"author":[{"embeddable":true,"href":"https:\/\/www.vennerslund.dk\/index.php\/wp-json\/wp\/v2\/users\/1"}],"replies":[{"embeddable":true,"href":"https:\/\/www.vennerslund.dk\/index.php\/wp-json\/wp\/v2\/comments?post=2"}],"version-history":[{"count":8,"href":"https:\/\/www.vennerslund.dk\/index.php\/wp-json\/wp\/v2\/pages\/2\/revisions"}],"predecessor-version":[{"id":151,"href":"https:\/\/www.vennerslund.dk\/index.php\/wp-json\/wp\/v2\/pages\/2\/revisions\/151"}],"wp:attachment":[{"href":"https:\/\/www.vennerslund.dk\/index.php\/wp-json\/wp\/v2\/media?parent=2"}],"curies":[{"name":"wp","href":"https:\/\/api.w.org\/{rel}","templated":true}]}}